{"id":2972,"date":"2021-09-03T11:26:15","date_gmt":"2021-09-03T09:26:15","guid":{"rendered":"https:\/\/www.michaelbonke.com\/mentions-legales\/"},"modified":"2026-04-03T04:05:07","modified_gmt":"2026-04-03T02:05:07","slug":"mentions-legales","status":"publish","type":"page","link":"https:\/\/www.michaelbonke.com\/fr\/mentions-legales\/","title":{"rendered":"Mentions l\u00e9gales"},"content":{"rendered":"<!--themify_builder_content-->\n<div id=\"themify_builder_content-2972\" data-postid=\"2972\" class=\"themify_builder_content themify_builder_content-2972 themify_builder tf_clear\">\n                    <div  data-lazy=\"1\" class=\"module_row themify_builder_row tb_gw18267 tb_first tf_w\">\n                        <div class=\"row_inner col_align_top tb_col_count_1 tf_box tf_rel\">\n                        <div  data-lazy=\"1\" class=\"module_column tb-column col-full tb_q3ks267 first\">\n                    <!-- module fancy heading -->\n<div  class=\"module module-fancy-heading tb_abis914 \" data-lazy=\"1\">\n        <h1 class=\"fancy-heading tf_textc\">\n    <span class=\"main-head tf_block\">\n                    Mentions l\u00e9gales            <\/span>\n\n    \n    <span class=\"sub-head tf_block tf_rel\">\n                                <\/span>\n    <\/h1>\n<\/div>\n<!-- \/module fancy heading -->\n        <div  data-lazy=\"1\" class=\"module_subrow themify_builder_sub_row tf_w col_align_top tb_col_count_3 tb_y0o9231\">\n                <div  data-lazy=\"1\" class=\"module_column sub_column col4-1 tb_y1z6232 first\">\n                            <\/div>\n                    <div  data-lazy=\"1\" class=\"module_column sub_column col4-2 tb_tovx232\">\n                    <!-- module text -->\n<div  class=\"module module-text tb_vel3695   \" data-lazy=\"1\">\n        <div  class=\"tb_text_wrap\">\n        <h6 style=\"text-align: center\">Informations selon le \u00a7 5 TMG<\/h6>\n<p style=\"text-align: center\">Michael Bonke Diamanten und Farbsteine GmbH<br>Godehardstra\u00dfe 44<br>94469 Deggendorf<br>Allemagne<\/p>\n<p style=\"text-align: center\">registre du commerce: HRB 6305<br>tribunal charg\u00e9 de la tenue du registre: Amtsgericht Deggendorf<br>Gerichtsstand Deggendorf<\/p>\n<p style=\"text-align: center\"><strong>directeur g\u00e9n\u00e9ral:<\/strong><br>Wolfgang Stadler<\/p>\n<h6 style=\"text-align: center\">Contact<\/h6>\n<p style=\"text-align: center\">Email: mbdiamantenundfarbsteine@gmail.com<br>T\u00e9l\u00e9phone: +49 991 27222 or +49 991 27221<br>t\u00e9l\u00e9copie: +49 991 \/ 277 32<\/p>\n<h6 style=\"text-align: center\">NUM\u00c9RO DE TVA<\/h6>\n<p style=\"text-align: center\">Num\u00e9ro d&rsquo;identification TVA conform\u00e9ment \u00e0 l&rsquo;article 27 a de la loi sur la TVA :<br>DE456749952<\/p>\n<h6 style=\"text-align: center\">R\u00e8glement des litiges de consommation\/<br>Organisme universel de m\u00e9diation<\/h6>\n<p>Nous ne sommes pas dispos\u00e9s ou oblig\u00e9s de participer \u00e0 une proc\u00e9dure de r\u00e8glement des litiges devant une commission d&rsquo;arbitrage des consommateurs.<\/p>\n<h6 style=\"text-align: center\">Responsabilit\u00e9 du contenu<\/h6>\n<p>En tant que prestataire de services, nous sommes, conform\u00e9ment au \u00a7 7 alin\u00e9a 1 TMG est responsable de son propre contenu sur ces pages, conform\u00e9ment aux lois g\u00e9n\u00e9rales. Conform\u00e9ment aux articles 8 \u00e0 10 du TMG, nous ne sommes toutefois pas tenus, en tant que prestataire de services, de surveiller les informations transmises ou stock\u00e9es par des tiers ou d&rsquo;enqu\u00eater sur des circonstances qui indiquent une activit\u00e9 ill\u00e9gale.<\/p>\n<p>Les obligations de supprimer ou de bloquer l&rsquo;utilisation des informations conform\u00e9ment aux lois g\u00e9n\u00e9rales n&rsquo;en sont pas affect\u00e9es. Toutefois, la responsabilit\u00e9 \u00e0 cet \u00e9gard n&rsquo;est possible qu&rsquo;\u00e0 partir du moment o\u00f9 l&rsquo;on a connaissance d&rsquo;une infraction concr\u00e8te. Si nous avons connaissance de telles infractions, nous retirerons ce contenu imm\u00e9diatement.<\/p>\n<h6 style=\"text-align: center\">Responsabilit\u00e9 pour les liens<\/h6>\n<p>Notre offre contient des liens vers des sites externes de tiers, sur le contenu desquels nous n&rsquo;avons aucune influence. Par cons\u00e9quent, nous ne pouvons assumer aucune responsabilit\u00e9 pour ces contenus externes. Le fournisseur ou l&rsquo;exploitant respectif des pages est toujours responsable du contenu des pages li\u00e9es. Les pages li\u00e9es ont \u00e9t\u00e9 v\u00e9rifi\u00e9es au moment de l&rsquo;\u00e9tablissement du lien afin de d\u00e9tecter d&rsquo;\u00e9ventuelles violations de la loi. Les contenus ill\u00e9gaux n&rsquo;\u00e9taient pas reconnaissables au moment de l&rsquo;\u00e9tablissement du lien.<\/p>\n<p>Cependant, un contr\u00f4le permanent du contenu des pages li\u00e9es n&rsquo;est pas raisonnable sans indices concrets d&rsquo;une violation de la loi. Si nous avons connaissance d&rsquo;infractions \u00e0 la loi, nous supprimerons imm\u00e9diatement ces liens.<\/p>\n<h6 style=\"text-align: center\">Copyright<\/h6>\n<p>Les contenus et les \u0153uvres cr\u00e9\u00e9s par les exploitants du site sur ces pages sont soumis \u00e0 la l\u00e9gislation allemande sur le droit d&rsquo;auteur. La reproduction, l&rsquo;\u00e9dition, la distribution et tout type d&rsquo;utilisation en dehors des limites de la loi sur le droit d&rsquo;auteur requi\u00e8rent le consentement \u00e9crit de l&rsquo;auteur ou du cr\u00e9ateur respectif. Les t\u00e9l\u00e9chargements et les copies de cette page ne sont autoris\u00e9s que pour un usage priv\u00e9 et non commercial.<\/p>\n<p>Dans la mesure o\u00f9 le contenu de cette page n&rsquo;a pas \u00e9t\u00e9 cr\u00e9\u00e9 par l&rsquo;op\u00e9rateur, les droits d&rsquo;auteur des tiers sont respect\u00e9s. En particulier, les contenus de tiers sont identifi\u00e9s comme tels. Si vous avez n\u00e9anmoins connaissance d&rsquo;une violation du droit d&rsquo;auteur, veuillez nous en informer. Si nous avons connaissance d&rsquo;infractions \u00e0 la loi, nous supprimerons imm\u00e9diatement ce contenu.<\/p>\n<p><a href=\"https:\/\/www.e-recht24.de\" target=\"_blank\" rel=\"noopener\">Source<\/a><\/p>    <\/div>\n<\/div>\n<!-- \/module text -->        <\/div>\n                    <div  data-lazy=\"1\" class=\"module_column sub_column col4-1 tb_x9er233 last\">\n                            <\/div>\n                    <\/div>\n                <\/div>\n                        <\/div>\n        <\/div>\n        <\/div>\n<!--\/themify_builder_content-->","protected":false},"excerpt":{"rendered":"<p>Impressum Angaben gem\u00e4\u00df \u00a7 5 TMG Michael Bonke Diamanten und Farbsteine GmbHGodehardstra\u00dfe 4494469 Deggendorf Handelsregister: HRG 4261Registergericht: Amtsgericht Deggendorf Vertreten durch:Wolfgang Stadler Kontakt Telefon: +49 991 \/ 272 22 Umsatzsteuer-ID Umsatzsteuer-Identifikationsnummer gem\u00e4\u00df \u00a7 27 a Umsatzsteuergesetz:DE300431353 Verbraucher\u00adstreit\u00adbeilegung\/Universal\u00adschlichtungs\u00adstelle Wir sind nicht bereit oder verpflichtet, an Streitbeilegungsverfahren vor einer Verbraucherschlichtungsstelle teilzunehmen. Haftung f\u00fcr Inhalte Als Diensteanbieter sind [&hellip;]<\/p>\n","protected":false},"author":4,"featured_media":0,"parent":0,"menu_order":0,"comment_status":"closed","ping_status":"closed","template":"","meta":{"footnotes":""},"class_list":["post-2972","page","type-page","status-publish","hentry","has-post-title","has-post-date","has-post-category","has-post-tag","has-post-comment","has-post-author",""],"builder_content":"<h1>Mentions l\u00e9gales<br\/><\/h1>\n<h6 style=\"text-align: center\">Informations selon le \u00a7 5 TMG<\/h6> <p style=\"text-align: center\">Michael Bonke Diamanten und Farbsteine GmbH<br>Godehardstra\u00dfe 44<br>94469 Deggendorf<br>Allemagne<\/p> <p style=\"text-align: center\">registre du commerce: HRB 6305<br>tribunal charg\u00e9 de la tenue du registre: Amtsgericht Deggendorf<br>Gerichtsstand Deggendorf<\/p> <p style=\"text-align: center\"><strong>directeur g\u00e9n\u00e9ral:<\/strong><br>Wolfgang Stadler<\/p> <h6 style=\"text-align: center\">Contact<\/h6> <p style=\"text-align: center\">Email: mbdiamantenundfarbsteine@gmail.com<br>T\u00e9l\u00e9phone: +49 991 27222 or +49 991 27221<br>t\u00e9l\u00e9copie: +49 991 \/ 277 32<\/p> <h6 style=\"text-align: center\">NUM\u00c9RO DE TVA<\/h6> <p style=\"text-align: center\">Num\u00e9ro d'identification TVA conform\u00e9ment \u00e0 l'article 27 a de la loi sur la TVA :<br>DE456749952<\/p> <h6 style=\"text-align: center\">R\u00e8glement des litiges de consommation\/<br>Organisme universel de m\u00e9diation<\/h6> <p>Nous ne sommes pas dispos\u00e9s ou oblig\u00e9s de participer \u00e0 une proc\u00e9dure de r\u00e8glement des litiges devant une commission d'arbitrage des consommateurs.<\/p> <h6 style=\"text-align: center\">Responsabilit\u00e9 du contenu<\/h6> <p>En tant que prestataire de services, nous sommes, conform\u00e9ment au \u00a7 7 alin\u00e9a 1 TMG est responsable de son propre contenu sur ces pages, conform\u00e9ment aux lois g\u00e9n\u00e9rales. Conform\u00e9ment aux articles 8 \u00e0 10 du TMG, nous ne sommes toutefois pas tenus, en tant que prestataire de services, de surveiller les informations transmises ou stock\u00e9es par des tiers ou d'enqu\u00eater sur des circonstances qui indiquent une activit\u00e9 ill\u00e9gale.<\/p> <p>Les obligations de supprimer ou de bloquer l'utilisation des informations conform\u00e9ment aux lois g\u00e9n\u00e9rales n'en sont pas affect\u00e9es. Toutefois, la responsabilit\u00e9 \u00e0 cet \u00e9gard n'est possible qu'\u00e0 partir du moment o\u00f9 l'on a connaissance d'une infraction concr\u00e8te. Si nous avons connaissance de telles infractions, nous retirerons ce contenu imm\u00e9diatement.<\/p> <h6 style=\"text-align: center\">Responsabilit\u00e9 pour les liens<\/h6> <p>Notre offre contient des liens vers des sites externes de tiers, sur le contenu desquels nous n'avons aucune influence. Par cons\u00e9quent, nous ne pouvons assumer aucune responsabilit\u00e9 pour ces contenus externes. Le fournisseur ou l'exploitant respectif des pages est toujours responsable du contenu des pages li\u00e9es. Les pages li\u00e9es ont \u00e9t\u00e9 v\u00e9rifi\u00e9es au moment de l'\u00e9tablissement du lien afin de d\u00e9tecter d'\u00e9ventuelles violations de la loi. Les contenus ill\u00e9gaux n'\u00e9taient pas reconnaissables au moment de l'\u00e9tablissement du lien.<\/p> <p>Cependant, un contr\u00f4le permanent du contenu des pages li\u00e9es n'est pas raisonnable sans indices concrets d'une violation de la loi. Si nous avons connaissance d'infractions \u00e0 la loi, nous supprimerons imm\u00e9diatement ces liens.<\/p> <h6 style=\"text-align: center\">Copyright<\/h6> <p>Les contenus et les \u0153uvres cr\u00e9\u00e9s par les exploitants du site sur ces pages sont soumis \u00e0 la l\u00e9gislation allemande sur le droit d'auteur. La reproduction, l'\u00e9dition, la distribution et tout type d'utilisation en dehors des limites de la loi sur le droit d'auteur requi\u00e8rent le consentement \u00e9crit de l'auteur ou du cr\u00e9ateur respectif. Les t\u00e9l\u00e9chargements et les copies de cette page ne sont autoris\u00e9s que pour un usage priv\u00e9 et non commercial.<\/p> <p>Dans la mesure o\u00f9 le contenu de cette page n'a pas \u00e9t\u00e9 cr\u00e9\u00e9 par l'op\u00e9rateur, les droits d'auteur des tiers sont respect\u00e9s. En particulier, les contenus de tiers sont identifi\u00e9s comme tels. Si vous avez n\u00e9anmoins connaissance d'une violation du droit d'auteur, veuillez nous en informer. Si nous avons connaissance d'infractions \u00e0 la loi, nous supprimerons imm\u00e9diatement ce contenu.<\/p> <p><a href=\"https:\/\/www.e-recht24.de\" target=\"_blank\" rel=\"noopener\">Source<\/a><\/p>","_links":{"self":[{"href":"https:\/\/www.michaelbonke.com\/fr\/wp-json\/wp\/v2\/pages\/2972","targetHints":{"allow":["GET"]}}],"collection":[{"href":"https:\/\/www.michaelbonke.com\/fr\/wp-json\/wp\/v2\/pages"}],"about":[{"href":"https:\/\/www.michaelbonke.com\/fr\/wp-json\/wp\/v2\/types\/page"}],"author":[{"embeddable":true,"href":"https:\/\/www.michaelbonke.com\/fr\/wp-json\/wp\/v2\/users\/4"}],"replies":[{"embeddable":true,"href":"https:\/\/www.michaelbonke.com\/fr\/wp-json\/wp\/v2\/comments?post=2972"}],"version-history":[{"count":5,"href":"https:\/\/www.michaelbonke.com\/fr\/wp-json\/wp\/v2\/pages\/2972\/revisions"}],"predecessor-version":[{"id":5470,"href":"https:\/\/www.michaelbonke.com\/fr\/wp-json\/wp\/v2\/pages\/2972\/revisions\/5470"}],"wp:attachment":[{"href":"https:\/\/www.michaelbonke.com\/fr\/wp-json\/wp\/v2\/media?parent=2972"}],"curies":[{"name":"wp","href":"https:\/\/api.w.org\/{rel}","templated":true}]}}