{"id":2451,"date":"2021-09-03T10:33:38","date_gmt":"2021-09-03T08:33:38","guid":{"rendered":"https:\/\/www.michaelbonke.com\/contact\/"},"modified":"2026-04-03T03:59:20","modified_gmt":"2026-04-03T01:59:20","slug":"contact","status":"publish","type":"page","link":"https:\/\/www.michaelbonke.com\/en\/contact\/","title":{"rendered":"Contact"},"content":{"rendered":"<!--themify_builder_content-->\n<div id=\"themify_builder_content-2451\" data-postid=\"2451\" class=\"themify_builder_content themify_builder_content-2451 themify_builder tf_clear\">\n                    <div  data-lazy=\"1\" class=\"module_row themify_builder_row tb_naak825 tb_first tf_w\">\n                        <div class=\"row_inner col_align_top tb_col_count_3 tf_box tf_rel\">\n                        <div  data-lazy=\"1\" class=\"module_column tb-column col4-1 tb_59wq826 first\">\n                            <\/div>\n                    <div  data-lazy=\"1\" class=\"module_column tb-column col4-2 tb_bmem545\">\n                    <!-- module fancy heading -->\n<div  class=\"module module-fancy-heading tb_qylz736 \" data-lazy=\"1\">\n        <h1 class=\"fancy-heading tf_textc\">\n    <span class=\"main-head tf_block\">\n                    Contact            <\/span>\n\n    \n    <span class=\"sub-head tf_block tf_rel\">\n                                <\/span>\n    <\/h1>\n<\/div>\n<!-- \/module fancy heading -->\n<!-- module text -->\n<div  class=\"module module-text tb_4den940   \" data-lazy=\"1\">\n        <div  class=\"tb_text_wrap\">\n        <p>We are your contact for special pieces of jewellery and custom-made products.<\/p>\n<p>For enquiries, please use the contact form below.<span class=\"b-contact-us-subtitle__line\"><\/span><\/p>    <\/div>\n<\/div>\n<!-- \/module text --><!-- module divider -->\n<div  class=\"module tf_mw module-divider tb_s5za397 solid  divider-custom divider-left\" style=\"border-width: 1px;border-color: rgba(255,255,255, 0.50);margin-top: 5px;margin-bottom: 13px;max-width: 50px;\" data-lazy=\"1\">\n    <\/div>\n<!-- \/module divider -->\n<!-- module contact -->\n<div  id=\"tb_45r7950\" class=\"module module-contact tb_45r7950 contact-style2 \" data-lazy=\"1\">\n    \n\t<form class=\"builder-contact\"\n\t\tid=\"tb_45r7950-form\"\n\t\tmethod=\"post\"\n\t\tdata-post-id=\"2451\"\n\t\tdata-element-id=\"45r7950\"\n\t\tdata-orig-id=\"2451\"\n\t>\n    <div class=\"contact-message\"><\/div>\n\t<input type=\"hidden\" id=\"bc_nonce\" name=\"bc_nonce\" value=\"c4a380ac0a\" \/><input type=\"hidden\" name=\"_wp_http_referer\" value=\"\/en\/wp-json\/wp\/v2\/pages\/2451\" \/>\t<div class=\"builder-contact-fields tf_rel\">\n\t\t    \t\t    <div class=\"builder-contact-field builder-contact-field-name builder-contact-text-field\">\n\t\t\t    <label class=\"control-label\" for=\"tb_45r7950-contact-name\">\n\t\t\t\t\t\t\t\t\t\t<span class=\"tb-label-span\">First Name <\/span><span class=\"required\">*<\/span>\t\t\t\t<\/label>\n\t\t\t    <div class=\"control-input tf_rel\">\n\t\t\t\t    \t\t\t\t\t    <input type=\"text\" name=\"contact-name\" placeholder=\"\" id=\"tb_45r7950-contact-name\" value=\"\" class=\"form-control\" required>\n\t\t\t\t    \t\t\t\t    \t\t\t    <\/div>\n\t\t<\/div>\n\t    \n\t\t    \t\t    \t\t    <div class=\"builder-contact-field builder-contact-field-extra builder-contact-text-field\">\n\t\t\t\t\n\t\t\t\t<label class=\"control-label\" for=\"field_extra_tb_45r7950_0\">\n\t\t\t\t\t\n\t\t\t\t\tLast Name\t\t\t\t\t\t\t\t\t\t\t<input type=\"hidden\" name=\"field_extra_name_0\" value=\"Last Name\">\n\t\t\t\t\t\t\t\t\t\t\t<span class=\"required\">*<\/span>\n\t\t\t\t\t\t\t\t\t<\/label>\n\t\t\t\t<div class=\"control-input tf_rel\">\n\t\t\t\t\t\t\t\t\t\t\t<input type=\"text\" name=\"field_extra_0\" id=\"field_extra_tb_45r7950_0\" placeholder=\"\" class=\"form-control\" required>\n\t\t\t\t\t\n\t\t\t\t\t\t\t\t\t<\/div>\n\t\t    <\/div>\n\t    \n\t\t    \t\t    \t\t    <div class=\"builder-contact-field builder-contact-field-extra builder-contact-text-field builder-contact-tel-field\">\n\t\t\t\t\n\t\t\t\t<label class=\"control-label\" for=\"field_extra_tb_45r7950_1\">\n\t\t\t\t\t\n\t\t\t\t\tPhone\t\t\t\t\t\t\t\t\t\t\t<input type=\"hidden\" name=\"field_extra_name_1\" value=\"Phone\">\n\t\t\t\t\t\t\t\t\t<\/label>\n\t\t\t\t<div class=\"control-input tf_rel\">\n\t\t\t\t\t\t\t\t\t\t\t<input type=\"tel\" name=\"field_extra_1\" id=\"field_extra_tb_45r7950_1\" placeholder=\"\" class=\"form-control\">\n\t\t\t\t\t\n\t\t\t\t\t\t\t\t\t<\/div>\n\t\t    <\/div>\n\t    \n\t\t    \t\t    <div class=\"builder-contact-field builder-contact-field-email builder-contact-text-field\">\n\t\t\t    <label class=\"control-label\" for=\"tb_45r7950-contact-email\">\n\t\t\t\t\t\t\t\t\t\t<span class=\"tb-label-span\">E-Mail <\/span><span class=\"required\">*<\/span>\t\t\t\t<\/label>\n\t\t\t    <div class=\"control-input tf_rel\">\n\t\t\t\t    \t\t\t\t\t    <input type=\"email\" name=\"contact-email\" placeholder=\"\" id=\"tb_45r7950-contact-email\" value=\"\" class=\"form-control\" required>\n\t\t\t\t    \t\t\t\t    \t\t\t    <\/div>\n\t\t<\/div>\n\t    \n\t\t    \t\t    <div class=\"builder-contact-field builder-contact-field-subject builder-contact-text-field\">\n\t\t\t    <label class=\"control-label\" for=\"tb_45r7950-contact-subject\">\n\t\t\t\t\t\t\t\t\t\t<span class=\"tb-label-span\">Subject <\/span><span class=\"required\">*<\/span>\t\t\t\t<\/label>\n\t\t\t    <div class=\"control-input tf_rel\">\n\t\t\t\t    \t\t\t\t\t    <input type=\"text\" name=\"contact-subject\" placeholder=\"\" id=\"tb_45r7950-contact-subject\" value=\"\" class=\"form-control\" required>\n\t\t\t\t    \t\t\t\t    \t\t\t    <\/div>\n\t\t<\/div>\n\t    \n\t\t    \t\t    <div class=\"builder-contact-field builder-contact-field-message builder-contact-textarea-field\">\n\t\t\t    <label class=\"control-label\" for=\"tb_45r7950-contact-message\">\n\t\t\t\t\t\t\t\t\t\t<span class=\"tb-label-span\">Message <\/span>\t\t\t\t<\/label>\n\t\t\t    <div class=\"control-input tf_rel\">\n\t\t\t\t    \t\t\t\t\t    <textarea name=\"contact-message\" placeholder=\"\" id=\"tb_45r7950-contact-message\" class=\"form-control\"><\/textarea>\n\t\t\t\t    \t\t\t\t    \t\t\t    <\/div>\n\t\t<\/div>\n\t    \n\t\t    \t\t\n\t\t\n\t    \n\t    <div class=\"builder-contact-field builder-contact-field-send control-input tf_textc tf_clear tf_rel\">\n\t\t\t<button type=\"submit\" class=\"btn btn-primary\">\n\t\t\t\t<span class=\"tf_loader\"><\/span>\t\t\t\t<span class=\"tf_submit_icon\"><\/span> \n\t\t\t\tSend\t\t\t<\/button>\n\t    <\/div>\n\t<\/div>\n    <\/form>\n    <\/div>\n<!-- \/module contact -->\n        <\/div>\n                    <div  data-lazy=\"1\" class=\"module_column tb-column col4-1 tb_5f9o546 last\">\n                            <\/div>\n                        <\/div>\n        <\/div>\n                        <div  data-desktop-padding=\"5%,5%\" data-css_id=\"r330798\" data-lazy=\"1\" class=\"module_row themify_builder_row fullwidth_row_container tb_r330798 tf_w\">\n                        <div class=\"row_inner col_align_top tb_col_count_1 tf_box tf_rel\">\n                        <div  data-lazy=\"1\" class=\"module_column tb-column col-full tb_nauy798 first\">\n                    <!-- module divider -->\n<div  class=\"module tf_mw module-divider tb_3k8n38 solid   \" style=\"border-width: 1px;border-color: rgba(62,62,61, 0.50);margin-top: 20px;margin-bottom: 20px;\" data-lazy=\"1\">\n    <\/div>\n<!-- \/module divider -->\n        <\/div>\n                        <\/div>\n        <\/div>\n                        <div  data-lazy=\"1\" class=\"module_row themify_builder_row tb_9lvk936 tf_w\">\n                        <div class=\"row_inner col_align_middle tb_col_count_3 tf_box tf_rel\">\n                        <div  data-lazy=\"1\" class=\"module_column tb-column col3-1 tb_xe9g938 first\">\n                    <!-- module text -->\n<div  class=\"module module-text tb_tvf7702   \" data-lazy=\"1\">\n        <div  class=\"tb_text_wrap\">\n        <h6 style=\"text-align: center\">Opening hours<\/h6>    <\/div>\n<\/div>\n<!-- \/module text --><!-- module text -->\n<div  class=\"module module-text tb_hud261   \" data-lazy=\"1\">\n        <div  class=\"tb_text_wrap\">\n        <p>Monday to Thursday<br>8.00 am &#8211; 5.00 pm<\/p>\n<p>Friday<br>8.00am &#8211; 4.00 pm<\/p>    <\/div>\n<\/div>\n<!-- \/module text -->        <\/div>\n                    <div  data-lazy=\"1\" class=\"module_column tb-column col3-1 tb_yccf950\">\n                    <!-- module text -->\n<div  class=\"module module-text tb_lo2g984   \" data-lazy=\"1\">\n        <div  class=\"tb_text_wrap\">\n        <h6 style=\"text-align: center\">Info<\/h6>    <\/div>\n<\/div>\n<!-- \/module text --><!-- module text -->\n<div  class=\"module module-text tb_y36s101   \" data-lazy=\"1\">\n        <div  class=\"tb_text_wrap\">\n        <p>+49 991 27222 or +49 991 27221<\/p>    <\/div>\n<\/div>\n<!-- \/module text --><!-- module text -->\n<div  class=\"module module-text tb_dlq6275   \" data-lazy=\"1\">\n        <div  class=\"tb_text_wrap\">\n        <p>mbdiamantenundfarbsteine@gmail.com<\/p>    <\/div>\n<\/div>\n<!-- \/module text -->        <\/div>\n                    <div  data-lazy=\"1\" class=\"module_column tb-column col3-1 tb_636469 last\">\n                    <!-- module text -->\n<div  class=\"module module-text tb_y3y9948   \" data-lazy=\"1\">\n        <div  class=\"tb_text_wrap\">\n        <h6 style=\"text-align: center\">Address<\/h6>    <\/div>\n<\/div>\n<!-- \/module text --><!-- module text -->\n<div  class=\"module module-text tb_q479950   \" data-lazy=\"1\">\n        <div  class=\"tb_text_wrap\">\n        <p style=\"text-align: center\">Godehardstra\u00dfe 44<br>D-94469 Deggendorf<\/p>    <\/div>\n<\/div>\n<!-- \/module text -->        <\/div>\n                        <\/div>\n        <\/div>\n                        <div  data-desktop-padding=\"5%,5%\" data-css_id=\"quk5657\" data-lazy=\"1\" class=\"module_row themify_builder_row fullwidth_row_container tb_quk5657 tf_w\">\n                        <div class=\"row_inner col_align_top tb_col_count_1 tf_box tf_rel\">\n                        <div  data-lazy=\"1\" class=\"module_column tb-column col-full tb_fx8f658 first\">\n                    <!-- module gallery -->\n<div  class=\"module gallery module-gallery tb_zroi658 layout-grid bordered \" data-lazy=\"1\">\n    <div class=\"module-gallery-grid\" style=\"--gald:5;--galt:5;--galm:5\">\n            <dl class=\"gallery-item\">\n            <dt class=\"gallery-icon\">\n            <a data-title=\"no\" title=\"\" href=\"https:\/\/www.michaelbonke.com\/wp-content\/uploads\/2021\/06\/Diamantschleiferei_Michael_Bonke_Ring-13.jpg\" data-rel=\"tb_zroi658\" class=\"themify_lightbox\"><img loading=\"lazy\" decoding=\"async\" src=\"https:\/\/www.michaelbonke.com\/wp-content\/uploads\/2021\/06\/Diamantschleiferei_Michael_Bonke_Ring-13-700x700.jpg\" width=\"700\" height=\"700\" class=\"wp-post-image wp-image-3580\" title=\"Diamantschleiferei Michael Bonke Ring 13\" alt=\"Diamantschleiferei Michael Bonke Ring 13\" srcset=\"https:\/\/www.michaelbonke.com\/wp-content\/uploads\/2021\/06\/Diamantschleiferei_Michael_Bonke_Ring-13-700x700.jpg 700w, https:\/\/www.michaelbonke.com\/wp-content\/uploads\/2021\/06\/Diamantschleiferei_Michael_Bonke_Ring-13-300x300.jpg 300w, https:\/\/www.michaelbonke.com\/wp-content\/uploads\/2021\/06\/Diamantschleiferei_Michael_Bonke_Ring-13-150x150.jpg 150w, https:\/\/www.michaelbonke.com\/wp-content\/uploads\/2021\/06\/Diamantschleiferei_Michael_Bonke_Ring-13-768x768.jpg 768w, https:\/\/www.michaelbonke.com\/wp-content\/uploads\/2021\/06\/Diamantschleiferei_Michael_Bonke_Ring-13.jpg 800w\" sizes=\"auto, (max-width: 700px) 100vw, 700px\" \/><\/a>            <\/dt>\n                    <\/dl>\n            <dl class=\"gallery-item\">\n            <dt class=\"gallery-icon\">\n            <a data-title=\"no\" title=\"\" href=\"https:\/\/www.michaelbonke.com\/wp-content\/uploads\/2021\/06\/Diamantschleiferei_Michael_Bonke_Ring-22.jpg\" data-rel=\"tb_zroi658\" class=\"themify_lightbox\"><img loading=\"lazy\" decoding=\"async\" src=\"https:\/\/www.michaelbonke.com\/wp-content\/uploads\/2021\/06\/Diamantschleiferei_Michael_Bonke_Ring-22-700x700.jpg\" width=\"700\" height=\"700\" class=\"wp-post-image wp-image-3583\" title=\"Diamantschleiferei Michael Bonke Ring 22\" alt=\"Diamantschleiferei Michael Bonke Ring 22\" srcset=\"https:\/\/www.michaelbonke.com\/wp-content\/uploads\/2021\/06\/Diamantschleiferei_Michael_Bonke_Ring-22-700x700.jpg 700w, https:\/\/www.michaelbonke.com\/wp-content\/uploads\/2021\/06\/Diamantschleiferei_Michael_Bonke_Ring-22-300x300.jpg 300w, https:\/\/www.michaelbonke.com\/wp-content\/uploads\/2021\/06\/Diamantschleiferei_Michael_Bonke_Ring-22-150x150.jpg 150w, https:\/\/www.michaelbonke.com\/wp-content\/uploads\/2021\/06\/Diamantschleiferei_Michael_Bonke_Ring-22-768x768.jpg 768w, https:\/\/www.michaelbonke.com\/wp-content\/uploads\/2021\/06\/Diamantschleiferei_Michael_Bonke_Ring-22.jpg 800w\" sizes=\"auto, (max-width: 700px) 100vw, 700px\" \/><\/a>            <\/dt>\n                    <\/dl>\n            <dl class=\"gallery-item\">\n            <dt class=\"gallery-icon\">\n            <a data-title=\"no\" title=\"\" href=\"https:\/\/www.michaelbonke.com\/wp-content\/uploads\/2021\/06\/Diamantschleiferei_Michael_Bonke_Ohrringe-4.jpg\" data-rel=\"tb_zroi658\" class=\"themify_lightbox\"><img loading=\"lazy\" decoding=\"async\" src=\"https:\/\/www.michaelbonke.com\/wp-content\/uploads\/2021\/06\/Diamantschleiferei_Michael_Bonke_Ohrringe-4-700x700.jpg\" width=\"700\" height=\"700\" class=\"wp-post-image wp-image-3586\" title=\"Diamantschleiferei Michael Bonke Ohrringe 4\" alt=\"Diamantschleiferei Michael Bonke Ohrringe 4\" srcset=\"https:\/\/www.michaelbonke.com\/wp-content\/uploads\/2021\/06\/Diamantschleiferei_Michael_Bonke_Ohrringe-4-700x700.jpg 700w, https:\/\/www.michaelbonke.com\/wp-content\/uploads\/2021\/06\/Diamantschleiferei_Michael_Bonke_Ohrringe-4-300x300.jpg 300w, https:\/\/www.michaelbonke.com\/wp-content\/uploads\/2021\/06\/Diamantschleiferei_Michael_Bonke_Ohrringe-4-150x150.jpg 150w, https:\/\/www.michaelbonke.com\/wp-content\/uploads\/2021\/06\/Diamantschleiferei_Michael_Bonke_Ohrringe-4-768x768.jpg 768w, https:\/\/www.michaelbonke.com\/wp-content\/uploads\/2021\/06\/Diamantschleiferei_Michael_Bonke_Ohrringe-4.jpg 800w\" sizes=\"auto, (max-width: 700px) 100vw, 700px\" \/><\/a>            <\/dt>\n                    <\/dl>\n            <dl class=\"gallery-item\">\n            <dt class=\"gallery-icon\">\n            <a data-title=\"no\" title=\"\" href=\"https:\/\/www.michaelbonke.com\/wp-content\/uploads\/2021\/06\/Diamantschleiferei_Michael_Bonke_Armband-1.jpg\" data-rel=\"tb_zroi658\" class=\"themify_lightbox\"><img loading=\"lazy\" decoding=\"async\" src=\"https:\/\/www.michaelbonke.com\/wp-content\/uploads\/2021\/06\/Diamantschleiferei_Michael_Bonke_Armband-1-700x700.jpg\" width=\"700\" height=\"700\" class=\"wp-post-image wp-image-3589\" title=\"Diamantschleiferei Michael Bonke Bracelet 1\" alt=\"Diamantschleiferei Michael Bonke Bracelet 1\" srcset=\"https:\/\/www.michaelbonke.com\/wp-content\/uploads\/2021\/06\/Diamantschleiferei_Michael_Bonke_Armband-1-700x700.jpg 700w, https:\/\/www.michaelbonke.com\/wp-content\/uploads\/2021\/06\/Diamantschleiferei_Michael_Bonke_Armband-1-300x300.jpg 300w, https:\/\/www.michaelbonke.com\/wp-content\/uploads\/2021\/06\/Diamantschleiferei_Michael_Bonke_Armband-1-150x150.jpg 150w, https:\/\/www.michaelbonke.com\/wp-content\/uploads\/2021\/06\/Diamantschleiferei_Michael_Bonke_Armband-1-768x768.jpg 768w, https:\/\/www.michaelbonke.com\/wp-content\/uploads\/2021\/06\/Diamantschleiferei_Michael_Bonke_Armband-1.jpg 800w\" sizes=\"auto, (max-width: 700px) 100vw, 700px\" \/><\/a>            <\/dt>\n                    <\/dl>\n            <dl class=\"gallery-item\">\n            <dt class=\"gallery-icon\">\n            <a data-title=\"no\" title=\"\" href=\"https:\/\/www.michaelbonke.com\/wp-content\/uploads\/2021\/06\/Diamantschleiferei_Michael_Bonke_Ohrringe-9.jpg\" data-rel=\"tb_zroi658\" class=\"themify_lightbox\"><img loading=\"lazy\" decoding=\"async\" src=\"https:\/\/www.michaelbonke.com\/wp-content\/uploads\/2021\/06\/Diamantschleiferei_Michael_Bonke_Ohrringe-9-700x700.jpg\" width=\"700\" height=\"700\" class=\"wp-post-image wp-image-3592\" title=\"Diamantschleiferei Michael Bonke Earrings 9\" alt=\"Diamantschleiferei Michael Bonke Earrings 9\" srcset=\"https:\/\/www.michaelbonke.com\/wp-content\/uploads\/2021\/06\/Diamantschleiferei_Michael_Bonke_Ohrringe-9-700x700.jpg 700w, https:\/\/www.michaelbonke.com\/wp-content\/uploads\/2021\/06\/Diamantschleiferei_Michael_Bonke_Ohrringe-9-300x300.jpg 300w, https:\/\/www.michaelbonke.com\/wp-content\/uploads\/2021\/06\/Diamantschleiferei_Michael_Bonke_Ohrringe-9-150x150.jpg 150w, https:\/\/www.michaelbonke.com\/wp-content\/uploads\/2021\/06\/Diamantschleiferei_Michael_Bonke_Ohrringe-9-768x768.jpg 768w, https:\/\/www.michaelbonke.com\/wp-content\/uploads\/2021\/06\/Diamantschleiferei_Michael_Bonke_Ohrringe-9.jpg 800w\" sizes=\"auto, (max-width: 700px) 100vw, 700px\" \/><\/a>            <\/dt>\n                    <\/dl>\n    <\/div>\n<\/div>\n<!-- \/module gallery -->        <\/div>\n                        <\/div>\n        <\/div>\n        <\/div>\n<!--\/themify_builder_content-->","protected":false},"excerpt":{"rendered":"<p>Kontakt Wir sind Ihr Ansprechpartner f\u00fcr besondere Schmuckst\u00fccke und Sonderanfertigungen. F\u00fcr Anfragen benutzen Sie bitte das untenstehende Kontaktformular. Vorname * Nachname * Telefon E-Mail * Betreff * Nachricht * Senden \u00d6ffnungszeiten Montag bis Donnerstag8.00 &#8211; 17.00 Uhr Freitag8.00 &#8211; 16.00 Uhr Info +49 991 27222 mbdiamantenundfarbstein@gmail.com Adresse Godehardstra\u00dfe 44D-94469 Deggendorf<\/p>\n","protected":false},"author":4,"featured_media":0,"parent":0,"menu_order":0,"comment_status":"closed","ping_status":"closed","template":"","meta":{"footnotes":""},"class_list":["post-2451","page","type-page","status-publish","hentry","has-post-title","has-post-date","has-post-category","has-post-tag","has-post-comment","has-post-author",""],"builder_content":"<h1>Contact<br\/><\/h1>\n<p>We are your contact for special pieces of jewellery and custom-made products.<\/p> <p>For enquiries, please use the contact form below.<\/p>\n\n<form id=\"tb_45r7950-form\" method=\"post\" data-post-id=\"0\" data-element-id=\"45r7950\" data-orig-id=\"2451\" > <input type=\"hidden\" id=\"bc_nonce\" name=\"bc_nonce\" value=\"c4a380ac0a\" \/><input type=\"hidden\" name=\"_wp_http_referer\" value=\"\/en\/wp-json\/wp\/v2\/pages\/2451\" \/> <label for=\"tb_45r7950-contact-name\"> First Name * <\/label> <input type=\"text\" name=\"contact-name\" placeholder=\"\" id=\"tb_45r7950-contact-name\" value=\"\" required> <label for=\"field_extra_tb_45r7950_0\"> Last Name <input type=\"hidden\" name=\"field_extra_name_0\" value=\"Last Name\"> * <\/label> <input type=\"text\" name=\"field_extra_0\" id=\"field_extra_tb_45r7950_0\" placeholder=\"\" required> <label for=\"field_extra_tb_45r7950_1\"> Phone <input type=\"hidden\" name=\"field_extra_name_1\" value=\"Phone\"> <\/label> <input type=\"tel\" name=\"field_extra_1\" id=\"field_extra_tb_45r7950_1\" placeholder=\"\"> <label for=\"tb_45r7950-contact-email\"> E-Mail * <\/label> <input type=\"email\" name=\"contact-email\" placeholder=\"\" id=\"tb_45r7950-contact-email\" value=\"\" required> <label for=\"tb_45r7950-contact-subject\"> Subject * <\/label> <input type=\"text\" name=\"contact-subject\" placeholder=\"\" id=\"tb_45r7950-contact-subject\" value=\"\" required> <label for=\"tb_45r7950-contact-message\"> Message <\/label> <textarea name=\"contact-message\" placeholder=\"\" id=\"tb_45r7950-contact-message\"><\/textarea> <button type=\"submit\"> Send <\/button> <\/form>\n\n<h6 style=\"text-align: center\">Opening hours<\/h6>\n<p>Monday to Thursday<br>8.00 am - 5.00 pm<\/p> <p>Friday<br>8.00am - 4.00 pm<\/p>\n<h6 style=\"text-align: center\">Info<\/h6>\n<p>+49 991 27222 or +49 991 27221<\/p>\n<p>mbdiamantenundfarbsteine@gmail.com<\/p>\n<h6 style=\"text-align: center\">Address<\/h6>\n<p style=\"text-align: center\">Godehardstra\u00dfe 44<br>D-94469 Deggendorf<\/p>\n[gallery columns=\"2\" ids=\"1475,1484,1432,1416,1437\"]","_links":{"self":[{"href":"https:\/\/www.michaelbonke.com\/en\/wp-json\/wp\/v2\/pages\/2451","targetHints":{"allow":["GET"]}}],"collection":[{"href":"https:\/\/www.michaelbonke.com\/en\/wp-json\/wp\/v2\/pages"}],"about":[{"href":"https:\/\/www.michaelbonke.com\/en\/wp-json\/wp\/v2\/types\/page"}],"author":[{"embeddable":true,"href":"https:\/\/www.michaelbonke.com\/en\/wp-json\/wp\/v2\/users\/4"}],"replies":[{"embeddable":true,"href":"https:\/\/www.michaelbonke.com\/en\/wp-json\/wp\/v2\/comments?post=2451"}],"version-history":[{"count":8,"href":"https:\/\/www.michaelbonke.com\/en\/wp-json\/wp\/v2\/pages\/2451\/revisions"}],"predecessor-version":[{"id":5456,"href":"https:\/\/www.michaelbonke.com\/en\/wp-json\/wp\/v2\/pages\/2451\/revisions\/5456"}],"wp:attachment":[{"href":"https:\/\/www.michaelbonke.com\/en\/wp-json\/wp\/v2\/media?parent=2451"}],"curies":[{"name":"wp","href":"https:\/\/api.w.org\/{rel}","templated":true}]}}